{"id":88,"date":"2013-06-19T22:16:37","date_gmt":"2013-06-19T20:16:37","guid":{"rendered":"http:\/\/2rracing.de\/2rracing\/?page_id=88"},"modified":"2014-06-29T14:51:04","modified_gmt":"2014-06-29T12:51:04","slug":"presseberichte","status":"publish","type":"page","link":"https:\/\/2rracing.de\/2rracing\/?page_id=88","title":{"rendered":"PRESSEBERICHTE"},"content":{"rendered":"<p><strong>Rhein Zeitung vom 26.6.2014  <\/strong><span style=\"color: #3366ff;\"><a title=\"24-Stunden-Rennen: Motorschaden sorgt f\u00fcr das Aus\" href=\"http:\/\/www.rhein-zeitung.de\/sport\/regionalsport\/regionalsport-extra\/motorsport\/regionalsport-motorsport-a-b-c-k_artikel,-24-Stunden-Rennen-Motorschaden-sorgt-fuer-das-Aus-_arid,1171791.html\" target=\"_blank\"><span style=\"color: #3366ff;\">&#8222;24-Stunden-Rennen: Motorschaden sorgt f\u00fcr das Aus&#8220;<\/span><\/a><\/span><br \/>\n<strong>Die Stimme Heilbronn vom 25.6.2013\u00a0 <\/strong><span style=\"color: #3366ff;\"><a title=\"Waschkau schnellster Unterl\u00e4nder in der gr\u00fcnen H\u00f6lle\" href=\"http:\/\/www.stimme.de\/sport\/mix\/sonstige-Waschkau-schnellster-Unterlaender-in-der-gruenen-Hoelle;art16469,2808176\" target=\"_blank\"><span style=\"color: #3366ff;\">&#8222;Waschkau schnellster Unterl\u00e4nder in der gr\u00fcnen H\u00f6lle&#8220;<\/span><\/a><\/span><strong><br \/>\nRhein Zeitung 3.5.2013\u00a0<\/strong> <span style=\"color: #3366ff;\"><a title=\"Speich wird zum Auftakt dritter\" href=\"http:\/\/www.rhein-zeitung.de\/sport\/regionalsport\/regionalsport-rhein-wied-ahr-eifel\/sonstiger-sport-mitte_artikel,-Speich-wird-zum-Auftakt-Dritter-_arid,591314.html\" target=\"_blank\"><span style=\"color: #3366ff;\">&#8222;Speich wird zum Auftakt dritter&#8220;<\/span><\/a><\/span><strong><br \/>\nRhein Zeitung 12.4.2013\u00a0<\/strong> <span style=\"color: #3366ff;\"><a title=\"Die VLN startet endlich in die Saison 2013\" href=\"http:\/\/www.rhein-zeitung.de\/sport\/regionalsport\/regionalsport-rhein-wied-ahr-eifel\/sonstiger-sport-mitte_artikel,-Die-VLN-startet-endlich-in-die-Saison-2013-_arid,581471.html\" target=\"_blank\"><span style=\"color: #3366ff;\">&#8222;Die VLN startet endlich in die Saison 2013&#8220;<\/span><\/a><\/span><\/p>\n<p><strong>Berichte auf der K\u00dcS Webseite:<\/strong><br \/>\n28.04.2014 <span style=\"color: #3366ff;\"><a title=\"24-Stunden-Rennen im Blick\" href=\"http:\/\/www.kues.de\/newsdetail.aspx?ID=12661\" target=\"_blank\"><span style=\"color: #3366ff;\">24-Stunden-Rennen im Blick<\/span><\/a><\/span><br \/>\n21.5.2013 <span style=\"color: #3366ff;\"><a title=\"24h-Rennen: Demonstration des K\u00f6nnens von Timo Bernhard und Rudi Speich \" href=\"http:\/\/www.kues.de\/newsdetail.aspx?ID=11638\" target=\"_blank\"><span style=\"color: #3366ff;\">24h-Rennen: Demonstration des K\u00f6nnens von Timo Bernhard und Rudi Speich<\/span><\/a><\/span><br \/>\n15.5.2013 <span style=\"color: #3366ff;\"><a title=\"24h-Rennen: K\u00dcS-Pr\u00fcfingenieur Rudi Speich wieder in der \u201eGr\u00fcnen H\u00f6lle\u201c\" href=\"http:\/\/www.kues.de\/newsdetail.aspx?ID=11620\" target=\"_blank\"><span style=\"color: #3366ff;\">24h-Rennen: K\u00dcS-Pr\u00fcfingenieur Rudi Speich wieder in der \u201eGr\u00fcnen H\u00f6lle\u201c<\/span><\/a><\/span><br \/>\n29.4.2013 <span style=\"color: #3366ff;\"><a title=\"Die K\u00dcS und die neue Motorsportsaison: Aufregendes Leben - nahe am Asphalt\" href=\"http:\/\/www.kues.de\/newsdetail.aspx?ID=11567\" target=\"_blank\"><span style=\"color: #3366ff;\">Die K\u00dcS und die neue Motorsportsaison: Aufregendes Leben &#8211; nahe am Asphalt<\/span><\/a><\/span><\/p>\n<p style=\"text-align: left;\"><strong>Berichte auf der Motair Webseite:<br \/>\n<\/strong>16.9.2013 3. <span style=\"color: #3366ff;\"><a title=\"3. Podestplatz in Folge knapp verpasst!\" href=\"http:\/\/www.motair.de\/index.php?id=247\" target=\"_blank\"><span style=\"color: #3366ff;\">Podestplatz in Folge knapp verpasst!<\/span><\/a><\/span><br \/>\n14.6.2013 <span style=\"color: #3366ff;\"><a href=\"http:\/\/newsletter.motair.de\/c\/11514610\/9e8c97ad178\" target=\"_blank\"><span style=\"color: #3366ff;\">Nacht der Technik in K\u00f6ln\u00a02013<\/span><\/a><\/span><br \/>\n20.5.2013 <span style=\"color: #3366ff;\"><a href=\"http:\/\/newsletter.motair.de\/c\/11514774\/9e8c97ad178\" target=\"_blank\"><span style=\"color: #3366ff;\">24h Rennen 2013<\/span><\/a><\/span><\/p>\n<p>&nbsp;<\/p>\n","protected":false},"excerpt":{"rendered":"<p>Rhein Zeitung vom 26.6.2014 &#8222;24-Stunden-Rennen: Motorschaden sorgt f\u00fcr das Aus&#8220; Die Stimme Heilbronn vom 25.6.2013\u00a0 &#8222;Waschkau schnellster Unterl\u00e4nder in der gr\u00fcnen H\u00f6lle&#8220; Rhein Zeitung 3.5.2013\u00a0 &#8222;Speich wird zum Auftakt dritter&#8220; Rhein Zeitung 12.4.2013\u00a0 &#8222;Die VLN startet endlich in die Saison 2013&#8220; Berichte auf der K\u00dcS Webseite: 28.04.2014 24-Stunden-Rennen im Blick 21.5.2013 24h-Rennen: Demonstration des K\u00f6nnens<\/p>\n<div class=\"more-link\">\n\t\t\t\t <a href=\"https:\/\/2rracing.de\/2rracing\/?page_id=88\" class=\"btn theme-btn\"><span>Weiterlesen <\/span><i class=\"icofont-thin-double-right\"><\/i><\/a>\n\t\t\t<\/div>\n","protected":false},"author":3,"featured_media":0,"parent":0,"menu_order":0,"comment_status":"closed","ping_status":"closed","template":"","meta":{"footnotes":""},"class_list":["post-88","page","type-page","status-publish","hentry"],"_links":{"self":[{"href":"https:\/\/2rracing.de\/2rracing\/index.php?rest_route=\/wp\/v2\/pages\/88","targetHints":{"allow":["GET"]}}],"collection":[{"href":"https:\/\/2rracing.de\/2rracing\/index.php?rest_route=\/wp\/v2\/pages"}],"about":[{"href":"https:\/\/2rracing.de\/2rracing\/index.php?rest_route=\/wp\/v2\/types\/page"}],"author":[{"embeddable":true,"href":"https:\/\/2rracing.de\/2rracing\/index.php?rest_route=\/wp\/v2\/users\/3"}],"replies":[{"embeddable":true,"href":"https:\/\/2rracing.de\/2rracing\/index.php?rest_route=%2Fwp%2Fv2%2Fcomments&post=88"}],"version-history":[{"count":32,"href":"https:\/\/2rracing.de\/2rracing\/index.php?rest_route=\/wp\/v2\/pages\/88\/revisions"}],"predecessor-version":[{"id":623,"href":"https:\/\/2rracing.de\/2rracing\/index.php?rest_route=\/wp\/v2\/pages\/88\/revisions\/623"}],"wp:attachment":[{"href":"https:\/\/2rracing.de\/2rracing\/index.php?rest_route=%2Fwp%2Fv2%2Fmedia&parent=88"}],"curies":[{"name":"wp","href":"https:\/\/api.w.org\/{rel}","templated":true}]}}